{"id":8,"date":"2026-04-27T13:49:31","date_gmt":"2026-04-27T13:49:31","guid":{"rendered":"https:\/\/sarayinmuebles.desarrollobirdcom.es\/?page_id=8"},"modified":"2026-04-27T14:52:01","modified_gmt":"2026-04-27T14:52:01","slug":"inicio","status":"publish","type":"page","link":"https:\/\/sarayinmuebles.desarrollobirdcom.es\/","title":{"rendered":"Inicio"},"content":{"rendered":"\n<div class=\"gb-element-f67e3bcd\">\n<div class=\"gb-element-6b9bca9f\">\n<h1 class=\"gb-text gb-text-22910aff\">El inmueble que buscas.<br>La experiencia que necesitas.<\/h1>\n\n\n\n<p class=\"gb-text gb-text-a979abc7\">Compraventa y alquiler de pisos, locales, edificios y fincas.<br>Asesoramiento personalizado para inversores y particulares, acompa\u00f1\u00e1ndote en cada paso del camino.<\/p>\n\n\n\n<div class=\"gb-element-e44aecf7\">\n<div class=\"gb-element-5621f071\">\n<a class=\"gb-text gb-text-5a860b0f\">VER INMUEBLES<\/a>\n<\/div>\n\n\n\n<div class=\"gb-element-62948ccc\">\n<a class=\"gb-text gb-text-5a415440\">CONTACTA<\/a>\n<\/div>\n<\/div>\n\n\n\n<div class=\"gb-element-764674e3\">\n<div class=\"gb-element-6a35caaa\">\n<div>\n<div class=\"gb-element-1ca820c2\">\n<span id=\"counter-30\" style=\"color: #ffffff; font-size: 40px; font-weight: 700; margin-bottom: 6px; display: inline-block;\">+0<\/span>\n<script>\n(function() {\n  var el = document.getElementById('counter-30');\n  var target = 30;\n  var duration = 1800;\n  var start = null;\n  function animate(now) {\n    if (!start) start = now;\n    var elapsed = now - start;\n    var progress = Math.min(elapsed \/ duration, 1);\n    var ease = 1 - Math.pow(1 - progress, 3);\n    el.textContent = '+' + Math.round(ease * target);\n    if (progress < 1) requestAnimationFrame(animate);\n  }\n  requestAnimationFrame(animate);\n})();\n<\/script>\n\n\n\n<p class=\"gb-text gb-text-bb9c550b\">A\u00f1os de experiencia<\/p>\n<\/div>\n<\/div>\n\n\n\n<div>\n<div class=\"gb-element-6376c7ba\">\n<span id=\"counter-500\" style=\"color: #ffffff; font-size: 40px; font-weight: 700; margin-bottom: 6px; display: inline-block;\">+0<\/span>\n<script>\n(function() {\n  var el = document.getElementById('counter-500');\n  var target = 500;\n  var duration = 1800;\n  var start = null;\n  function animate(now) {\n    if (!start) start = now;\n    var elapsed = now - start;\n    var progress = Math.min(elapsed \/ duration, 1);\n    var ease = 1 - Math.pow(1 - progress, 3);\n    el.textContent = '+' + Math.round(ease * target);\n    if (progress < 1) requestAnimationFrame(animate);\n  }\n  requestAnimationFrame(animate);\n})();\n<\/script>\n\n\n\n<p class=\"gb-text gb-text-fd8b8a22\">Operaciones cerradas<\/p>\n<\/div>\n<\/div>\n\n\n\n<div>\n<div class=\"gb-element-07d62d0f\">\n<span id=\"counter-100pct\" style=\"color: #ffffff; font-size: 40px; font-weight: 700; margin-bottom: 6px; display: inline-block;\">0%<\/span>\n<script>\n(function() {\n  var el = document.getElementById('counter-100pct');\n  var target = 100;\n  var duration = 1800;\n  var start = null;\n  function animate(now) {\n    if (!start) start = now;\n    var elapsed = now - start;\n    var progress = Math.min(elapsed \/ duration, 1);\n    var ease = 1 - Math.pow(1 - progress, 3);\n    el.textContent = Math.round(ease * target) + '%';\n    if (progress < 1) requestAnimationFrame(animate);\n  }\n  requestAnimationFrame(animate);\n})();\n<\/script>\n\n\n\n<p class=\"gb-text gb-text-a93e2146\">Compromiso familiar<\/p>\n<\/div>\n<\/div>\n<\/div>\n<\/div>\n<\/div>\n<\/div>\n\n\n\n<div class=\"gb-element-91e93ccd\">\n<div class=\"gb-element-a759dc90\">\n<div class=\"gb-element-e7532540\">\n<div>\n<h2 class=\"gb-text gb-text-5e79a48a\">\u00bfTienes un inmueble o est\u00e1s buscando uno?<\/h2>\n\n\n\n<p class=\"has-base-3-color has-text-color has-link-color wp-elements-f107bc85dcf1cb13255c62244cf670e5\">Cu\u00e9ntanos qu\u00e9 necesitas. Nuestro equipo te dar\u00e1 una respuesta r\u00e1pida y personalizada, ya sea para vender, comprar, alquilar o invertir. Sin compromisos.<\/p>\n\n\n\n<p class=\"gb-text-3dc481b7\"><span class=\"gb-shape\"><svg aria-hidden=\"true\" role=\"img\" height=\"1em\" width=\"1em\" viewBox=\"0 0 384 512\" xmlns=\"http:\/\/www.w3.org\/2000\/svg\"><path fill=\"currentColor\" d=\"M172.268 501.67C26.97 291.031 0 269.413 0 192 0 85.961 85.961 0 192 0s192 85.961 192 192c0 77.413-26.97 99.031-172.268 309.67-9.535 13.774-29.93 13.773-39.464 0zM192 272c44.183 0 80-35.817 80-80s-35.817-80-80-80-80 35.817-80 80 35.817 80 80 80z\"><\/path><\/svg><\/span><span class=\"gb-text\">Avd G\u00f3mez Laguna, 24 - Planta 1\u00aa, Oficina 5,<br>50009 Zaragoza<\/span><\/p>\n\n\n\n<p class=\"gb-text-39e394bf\"><span class=\"gb-shape\"><svg version=\"1.1\" id=\"fi_15407\" xmlns=\"http:\/\/www.w3.org\/2000\/svg\" xmlns:xlink=\"http:\/\/www.w3.org\/1999\/xlink\" x=\"0px\" y=\"0px\" width=\"47.01px\" height=\"47.01px\" viewBox=\"0 0 47.01 47.01\" style=\"enable-background:new 0 0 47.01 47.01;\" xml:space=\"preserve\">\n<g>\n\t<path d=\"M14.444,0.31c-0.122,0.064-0.375,0.238-0.398,0.255c-2.65,1.736-6.029,6.979-7.091,10.45\n\t\tc-1.438,4.681,1.677,13.351,5.07,19.902c3.392,6.554,8.674,14.101,13.328,15.63c0.938,0.307,1.998,0.463,3.146,0.463\n\t\tc2.746,0,8.023-0.887,9.905-1.626c0,0,0.335-0.125,0.465-0.192c0.679-0.352,1.18-0.945,1.411-1.672\n\t\tc0.229-0.728,0.164-1.498-0.188-2.174c-0.126-0.24-9.105-8.024-9.105-8.024l-4.623,2.03c-0.543,0.28-1.298,0.031-1.576-0.506\n\t\tL16.183,18.23c-0.143-0.278-0.172-0.597-0.078-0.894c0.093-0.298,0.298-0.541,0.578-0.686l5.166-2.887\n\t\tc0,0-3.445-12.026-3.553-12.234C17.816,0.601,16.808,0,15.728,0C15.279,0,14.837,0.107,14.444,0.31z\"><\/path>\n<\/g>\n<g>\n<\/g>\n<g>\n<\/g>\n<g>\n<\/g>\n<g>\n<\/g>\n<g>\n<\/g>\n<g>\n<\/g>\n<g>\n<\/g>\n<g>\n<\/g>\n<g>\n<\/g>\n<g>\n<\/g>\n<g>\n<\/g>\n<g>\n<\/g>\n<g>\n<\/g>\n<g>\n<\/g>\n<g>\n<\/g>\n<\/svg><\/span><span class=\"gb-text\">646 25 22 52<\/span><\/p>\n\n\n\n<p class=\"gb-text-b8c734fd\"><span class=\"gb-shape\"><svg version=\"1.1\" id=\"fi_347803\" xmlns=\"http:\/\/www.w3.org\/2000\/svg\" xmlns:xlink=\"http:\/\/www.w3.org\/1999\/xlink\" x=\"0px\" y=\"0px\" viewBox=\"0 0 512 512\" style=\"enable-background:new 0 0 512 512;\" xml:space=\"preserve\">\n<g>\n\t<g>\n\t\t<path d=\"M507.155,99.939l-215.742,211.04c-9.761,9.766-22.587,14.647-35.413,14.647c-12.826,0-25.652-4.881-35.413-14.647\n\t\t\tL6.705,96.518C2.567,104.294,0,113.027,0,122.435v267.13c0,9.394,2.56,18.116,6.688,25.886l115.747-115.603\n\t\t\tc6.521-6.521,17.087-6.521,23.609,0c6.521,6.516,6.521,17.092,0,23.609L30.454,438.903c7.601,3.902,16.083,6.314,25.198,6.314\n\t\t\th400.696c9.115,0,17.597-2.412,25.198-6.314l-115.59-115.447c-6.521-6.516-6.521-17.092,0-23.609\n\t\t\tc6.521-6.521,17.087-6.521,23.609,0l115.747,115.604c4.128-7.77,6.688-16.492,6.688-25.886v-267.13\n\t\t\tC512,114.416,510.22,106.833,507.155,99.939z\"><\/path>\n\t<\/g>\n<\/g>\n<g>\n\t<g>\n\t\t<path d=\"M456.348,66.783H55.652c-9.102,0-17.574,2.405-25.168,6.298l213.712,214.29c6.511,6.511,17.097,6.511,23.609,0\n\t\t\tL484.956,74.95C476.567,69.876,466.846,66.783,456.348,66.783z\"><\/path>\n\t<\/g>\n<\/g>\n<g>\n<\/g>\n<g>\n<\/g>\n<g>\n<\/g>\n<g>\n<\/g>\n<g>\n<\/g>\n<g>\n<\/g>\n<g>\n<\/g>\n<g>\n<\/g>\n<g>\n<\/g>\n<g>\n<\/g>\n<g>\n<\/g>\n<g>\n<\/g>\n<g>\n<\/g>\n<g>\n<\/g>\n<g>\n<\/g>\n<\/svg><\/span><span class=\"gb-text\">info@sarayinmuebles.com<\/span><\/p>\n<\/div>\n\n\n\n<div class=\"gb-element-cc20827e\">\n<div class=\"wpcf7 no-js\" id=\"wpcf7-f13-o1\" lang=\"es-ES\" dir=\"ltr\" data-wpcf7-id=\"13\">\n<div class=\"screen-reader-response\"><p role=\"status\" aria-live=\"polite\" aria-atomic=\"true\"><\/p> <ul><\/ul><\/div>\n<form action=\"\/index.php?rest_route=%2Fwp%2Fv2%2Fpages%2F8#wpcf7-f13-o1\" method=\"post\" class=\"wpcf7-form init\" aria-label=\"Formulario de contacto\" novalidate=\"novalidate\" data-status=\"init\">\n<fieldset class=\"hidden-fields-container\"><input type=\"hidden\" name=\"_wpcf7\" value=\"13\" \/><input type=\"hidden\" name=\"_wpcf7_version\" value=\"6.1.5\" \/><input type=\"hidden\" name=\"_wpcf7_locale\" value=\"es_ES\" \/><input type=\"hidden\" name=\"_wpcf7_unit_tag\" value=\"wpcf7-f13-o1\" \/><input type=\"hidden\" name=\"_wpcf7_container_post\" value=\"0\" \/><input type=\"hidden\" name=\"_wpcf7_posted_data_hash\" value=\"\" \/>\n<\/fieldset>\n<div id=\"formulario-contacto\" class=\"clearfix\">\n\t<div class=\"form-row\">\n\t\t<div class=\"column-full\">\n\t\t\t<p><span class=\"wpcf7-form-control-wrap\" data-name=\"your-name\"><input size=\"40\" maxlength=\"400\" class=\"wpcf7-form-control wpcf7-text wpcf7-validates-as-required\" aria-required=\"true\" aria-invalid=\"false\" placeholder=\"Nombre*\" value=\"\" type=\"text\" name=\"your-name\" \/><\/span>\n\t\t\t<\/p>\n\t\t<\/div>\n\t<\/div>\n\t<div class=\"form-row\">\n\t\t<div class=\"column-half\">\n\t\t\t<p><span class=\"wpcf7-form-control-wrap\" data-name=\"your-email\"><input size=\"40\" maxlength=\"400\" class=\"wpcf7-form-control wpcf7-email wpcf7-validates-as-required wpcf7-text wpcf7-validates-as-email\" aria-required=\"true\" aria-invalid=\"false\" placeholder=\"Email*\" value=\"\" type=\"email\" name=\"your-email\" \/><\/span>\n\t\t\t<\/p>\n\t\t<\/div>\n\t\t<div class=\"column-half\">\n\t\t\t<p><span class=\"wpcf7-form-control-wrap\" data-name=\"your-phone\"><input size=\"40\" maxlength=\"400\" class=\"wpcf7-form-control wpcf7-text wpcf7-validates-as-required\" aria-required=\"true\" aria-invalid=\"false\" placeholder=\"Tel\u00e9fono*\" value=\"\" type=\"text\" name=\"your-phone\" \/><\/span>\n\t\t\t<\/p>\n\t\t<\/div>\n\t<\/div>\n\t<div class=\"form-row\">\n\t\t<div class=\"column-full\">\n\t\t\t<p><span class=\"wpcf7-form-control-wrap\" data-name=\"your-message\"><textarea cols=\"40\" rows=\"10\" maxlength=\"2000\" class=\"wpcf7-form-control wpcf7-textarea wpcf7-validates-as-required\" aria-required=\"true\" aria-invalid=\"false\" placeholder=\"Mensaje*\" name=\"your-message\"><\/textarea><\/span>\n\t\t\t<\/p>\n\t\t<\/div>\n\t<\/div>\n\t<p><span class=\"wpcf7-form-control-wrap\" data-name=\"acceptance\"><span class=\"wpcf7-form-control wpcf7-acceptance\"><span class=\"wpcf7-list-item\"><label><input type=\"checkbox\" name=\"acceptance\" value=\"1\" aria-invalid=\"false\" \/><span class=\"wpcf7-list-item-label\">He le\u00eddo y acepto la <a href=\"\/politica-de-privacidad\/\">pol\u00edtica de privacidad<\/a><\/span><\/label><\/span><\/span><\/span>\n\t<\/p>\n\t<div class=\"form-row\">\n\t\t<div class=\"column-full\">\n\t\t\t<p><input class=\"wpcf7-form-control wpcf7-submit has-spinner\" type=\"submit\" value=\"ENVIAR\" \/>\n\t\t\t<\/p>\n\t\t<\/div>\n\t<\/div>\n<\/div>\n<div class=\"wpcf7-response-output\" aria-hidden=\"true\"><\/div>\n<\/form>\n<\/div>\n\n<\/div>\n<\/div>\n<\/div>\n<\/div>\n","protected":false},"excerpt":{"rendered":"<p>El inmueble que buscas.La experiencia que necesitas. Compraventa y alquiler de pisos, locales, edificios y fincas.Asesoramiento personalizado para inversores y particulares, acompa\u00f1\u00e1ndote en cada paso del camino. VER INMUEBLES CONTACTA +0 A\u00f1os de experiencia +0 Operaciones cerradas 0% Compromiso familiar \u00bfTienes un inmueble o est\u00e1s buscando uno? Cu\u00e9ntanos qu\u00e9 necesitas. Nuestro equipo te dar\u00e1 una &#8230; <a title=\"Inicio\" class=\"read-more\" href=\"https:\/\/sarayinmuebles.desarrollobirdcom.es\/\" aria-label=\"Leer m\u00e1s sobre Inicio\">Leer m\u00e1s<\/a><\/p>\n","protected":false},"author":1,"featured_media":0,"parent":0,"menu_order":0,"comment_status":"closed","ping_status":"closed","template":"","meta":{"footnotes":""},"class_list":["post-8","page","type-page","status-publish"],"_links":{"self":[{"href":"https:\/\/sarayinmuebles.desarrollobirdcom.es\/index.php?rest_route=\/wp\/v2\/pages\/8","targetHints":{"allow":["GET"]}}],"collection":[{"href":"https:\/\/sarayinmuebles.desarrollobirdcom.es\/index.php?rest_route=\/wp\/v2\/pages"}],"about":[{"href":"https:\/\/sarayinmuebles.desarrollobirdcom.es\/index.php?rest_route=\/wp\/v2\/types\/page"}],"author":[{"embeddable":true,"href":"https:\/\/sarayinmuebles.desarrollobirdcom.es\/index.php?rest_route=\/wp\/v2\/users\/1"}],"replies":[{"embeddable":true,"href":"https:\/\/sarayinmuebles.desarrollobirdcom.es\/index.php?rest_route=%2Fwp%2Fv2%2Fcomments&post=8"}],"version-history":[{"count":22,"href":"https:\/\/sarayinmuebles.desarrollobirdcom.es\/index.php?rest_route=\/wp\/v2\/pages\/8\/revisions"}],"predecessor-version":[{"id":82,"href":"https:\/\/sarayinmuebles.desarrollobirdcom.es\/index.php?rest_route=\/wp\/v2\/pages\/8\/revisions\/82"}],"wp:attachment":[{"href":"https:\/\/sarayinmuebles.desarrollobirdcom.es\/index.php?rest_route=%2Fwp%2Fv2%2Fmedia&parent=8"}],"curies":[{"name":"wp","href":"https:\/\/api.w.org\/{rel}","templated":true}]}}